{"id":2067,"date":"2018-03-11T19:19:21","date_gmt":"2018-03-11T22:19:21","guid":{"rendered":"http:\/\/graficaelo.com.br\/2018\/?page_id=2067"},"modified":"2018-04-11T22:30:42","modified_gmt":"2018-04-12T01:30:42","slug":"folders","status":"publish","type":"page","link":"https:\/\/graficaelo.com.br\/2018\/folders\/","title":{"rendered":"Folders"},"content":{"rendered":"<p>Um dos materiais mais vers\u00e1teis no ramo gr\u00e1fico, muito utilizado na divulga\u00e7\u00e3o da sua empresa em eventos, lan\u00e7amentos de novos produtos, instru\u00e7\u00f5es de uso e muitas outras finalidades. Dispon\u00edvel em diversos tamanhos, gramaturas e pap\u00e9is. Para saber mais voc\u00ea pode entrar em contato conosco por e-mail, telefone ou WhatsApp.<\/p>\n<p><a href=\"http:\/\/graficaelo.com.br\/2018\/contact-us\/\">Solicite um Or\u00e7amento<\/a><\/p>\n","protected":false},"excerpt":{"rendered":"<p>Um dos materiais mais vers\u00e1teis no ramo gr\u00e1fico, muito utilizado na divulga\u00e7\u00e3o da sua empresa em eventos, lan\u00e7amentos de novos produtos, instru\u00e7\u00f5es de uso e muitas outras finalidades. Dispon\u00edvel em diversos tamanhos, gramaturas e pap\u00e9is. Para saber mais voc\u00ea pode entrar em contato conosco por e-mail, telefone ou WhatsApp. Solicite<a class=\"moretag\" href=\"https:\/\/graficaelo.com.br\/2018\/folders\/\"> Continue a ler<\/a><\/p>\n","protected":false},"author":5,"featured_media":0,"parent":0,"menu_order":0,"comment_status":"closed","ping_status":"closed","template":"","meta":{"footnotes":""},"class_list":["post-2067","page","type-page","status-publish","hentry"],"_links":{"self":[{"href":"https:\/\/graficaelo.com.br\/2018\/wp-json\/wp\/v2\/pages\/2067","targetHints":{"allow":["GET"]}}],"collection":[{"href":"https:\/\/graficaelo.com.br\/2018\/wp-json\/wp\/v2\/pages"}],"about":[{"href":"https:\/\/graficaelo.com.br\/2018\/wp-json\/wp\/v2\/types\/page"}],"author":[{"embeddable":true,"href":"https:\/\/graficaelo.com.br\/2018\/wp-json\/wp\/v2\/users\/5"}],"replies":[{"embeddable":true,"href":"https:\/\/graficaelo.com.br\/2018\/wp-json\/wp\/v2\/comments?post=2067"}],"version-history":[{"count":3,"href":"https:\/\/graficaelo.com.br\/2018\/wp-json\/wp\/v2\/pages\/2067\/revisions"}],"predecessor-version":[{"id":2134,"href":"https:\/\/graficaelo.com.br\/2018\/wp-json\/wp\/v2\/pages\/2067\/revisions\/2134"}],"wp:attachment":[{"href":"https:\/\/graficaelo.com.br\/2018\/wp-json\/wp\/v2\/media?parent=2067"}],"curies":[{"name":"wp","href":"https:\/\/api.w.org\/{rel}","templated":true}]}}