{"id":2065,"date":"2018-03-11T19:14:20","date_gmt":"2018-03-11T22:14:20","guid":{"rendered":"http:\/\/graficaelo.com.br\/2018\/?page_id=2065"},"modified":"2018-04-11T22:30:45","modified_gmt":"2018-04-12T01:30:45","slug":"impressos","status":"publish","type":"page","link":"https:\/\/graficaelo.com.br\/2018\/impressos\/","title":{"rendered":"Impressos"},"content":{"rendered":"<p>Podemos entender como impresso todo material gr\u00e1fico, desde pastas, envelopes, adesivos, tags, c\u00f3pias, impress\u00f5es simples, blocos em geral, receitu\u00e1rios m\u00e9dicos, calend\u00e1rios, flyers e muito mais. Para saber mais voc\u00ea pode entrar em contato conosco por e-mail, telefone ou WhatsApp.<\/p>\n<p><a href=\"http:\/\/graficaelo.com.br\/2018\/contact-us\/\">Solicite um Or\u00e7amento<\/a><\/p>\n","protected":false},"excerpt":{"rendered":"<p>Podemos entender como impresso todo material gr\u00e1fico, desde pastas, envelopes, adesivos, tags, c\u00f3pias, impress\u00f5es simples, blocos em geral, receitu\u00e1rios m\u00e9dicos, calend\u00e1rios, flyers e muito mais. Para saber mais voc\u00ea pode entrar em contato conosco por e-mail, telefone ou WhatsApp. Solicite um Or\u00e7amento<\/p>\n","protected":false},"author":5,"featured_media":0,"parent":0,"menu_order":0,"comment_status":"closed","ping_status":"closed","template":"","meta":{"footnotes":""},"class_list":["post-2065","page","type-page","status-publish","hentry"],"_links":{"self":[{"href":"https:\/\/graficaelo.com.br\/2018\/wp-json\/wp\/v2\/pages\/2065","targetHints":{"allow":["GET"]}}],"collection":[{"href":"https:\/\/graficaelo.com.br\/2018\/wp-json\/wp\/v2\/pages"}],"about":[{"href":"https:\/\/graficaelo.com.br\/2018\/wp-json\/wp\/v2\/types\/page"}],"author":[{"embeddable":true,"href":"https:\/\/graficaelo.com.br\/2018\/wp-json\/wp\/v2\/users\/5"}],"replies":[{"embeddable":true,"href":"https:\/\/graficaelo.com.br\/2018\/wp-json\/wp\/v2\/comments?post=2065"}],"version-history":[{"count":3,"href":"https:\/\/graficaelo.com.br\/2018\/wp-json\/wp\/v2\/pages\/2065\/revisions"}],"predecessor-version":[{"id":2135,"href":"https:\/\/graficaelo.com.br\/2018\/wp-json\/wp\/v2\/pages\/2065\/revisions\/2135"}],"wp:attachment":[{"href":"https:\/\/graficaelo.com.br\/2018\/wp-json\/wp\/v2\/media?parent=2065"}],"curies":[{"name":"wp","href":"https:\/\/api.w.org\/{rel}","templated":true}]}}