{"id":2063,"date":"2018-03-11T19:14:03","date_gmt":"2018-03-11T22:14:03","guid":{"rendered":"http:\/\/graficaelo.com.br\/2018\/?page_id=2063"},"modified":"2018-04-11T22:30:31","modified_gmt":"2018-04-12T01:30:31","slug":"cartoes-de-visita","status":"publish","type":"page","link":"https:\/\/graficaelo.com.br\/2018\/cartoes-de-visita\/","title":{"rendered":"Cart\u00f5es de Visita"},"content":{"rendered":"<p>Os cart\u00f5es de visita s\u00e3o muito utilizados na divulga\u00e7\u00e3o das empresas por ser um material de pequeno porte, leve e de f\u00e1cil manuseio. Dispon\u00edvel em variados modelos e tamanhos, esse item se torna a identidade da sua empresa.<br \/>\nOs modelos dispon\u00edveis variam desde o recorte at\u00e9 o acabamento. Para saber mais voc\u00ea pode entrar em contato conosco por e-mail, telefone ou WhatsApp. <\/p>\n<p><a href=\"http:\/\/graficaelo.com.br\/2018\/contact-us\/\">Solicite um Or\u00e7amento<\/a><\/p>\n","protected":false},"excerpt":{"rendered":"<p>Os cart\u00f5es de visita s\u00e3o muito utilizados na divulga\u00e7\u00e3o das empresas por ser um material de pequeno porte, leve e de f\u00e1cil manuseio. Dispon\u00edvel em variados modelos e tamanhos, esse item se torna a identidade da sua empresa. Os modelos dispon\u00edveis variam desde o recorte at\u00e9 o acabamento. Para saber<a class=\"moretag\" href=\"https:\/\/graficaelo.com.br\/2018\/cartoes-de-visita\/\"> Continue a ler<\/a><\/p>\n","protected":false},"author":5,"featured_media":0,"parent":0,"menu_order":0,"comment_status":"closed","ping_status":"closed","template":"","meta":{"footnotes":""},"class_list":["post-2063","page","type-page","status-publish","hentry"],"_links":{"self":[{"href":"https:\/\/graficaelo.com.br\/2018\/wp-json\/wp\/v2\/pages\/2063","targetHints":{"allow":["GET"]}}],"collection":[{"href":"https:\/\/graficaelo.com.br\/2018\/wp-json\/wp\/v2\/pages"}],"about":[{"href":"https:\/\/graficaelo.com.br\/2018\/wp-json\/wp\/v2\/types\/page"}],"author":[{"embeddable":true,"href":"https:\/\/graficaelo.com.br\/2018\/wp-json\/wp\/v2\/users\/5"}],"replies":[{"embeddable":true,"href":"https:\/\/graficaelo.com.br\/2018\/wp-json\/wp\/v2\/comments?post=2063"}],"version-history":[{"count":3,"href":"https:\/\/graficaelo.com.br\/2018\/wp-json\/wp\/v2\/pages\/2063\/revisions"}],"predecessor-version":[{"id":2132,"href":"https:\/\/graficaelo.com.br\/2018\/wp-json\/wp\/v2\/pages\/2063\/revisions\/2132"}],"wp:attachment":[{"href":"https:\/\/graficaelo.com.br\/2018\/wp-json\/wp\/v2\/media?parent=2063"}],"curies":[{"name":"wp","href":"https:\/\/api.w.org\/{rel}","templated":true}]}}